{"id":503,"date":"2012-12-12T15:42:06","date_gmt":"2012-12-12T19:42:06","guid":{"rendered":"http:\/\/ceramicairene.com.py\/wp\/?page_id=503"},"modified":"2020-08-21T18:37:56","modified_gmt":"2020-08-21T22:37:56","slug":"compromiso-de-calidad","status":"publish","type":"page","link":"http:\/\/ceramicairene.com.py\/?page_id=503","title":{"rendered":"Compromiso de Calidad"},"content":{"rendered":"<h1>Un Compromiso con la Calidad<\/h1>\n<p><!--<img loading=\"lazy\" decoding=\"async\" class=\"alignright size-medium wp-image-507\" title=\"compromiso\" src=\"http:\/\/ceramicairene.com.py\/wp\/wp-content\/uploads\/2012\/12\/compromiso-238x300.png\" alt=\"\" width=\"238\" height=\"300\" srcset=\"http:\/\/ceramicairene.com.py\/wp-content\/uploads\/2012\/12\/compromiso-238x300.png 238w, http:\/\/ceramicairene.com.py\/wp-content\/uploads\/2012\/12\/compromiso.png 474w\" sizes=\"auto, (max-width: 238px) 100vw, 238px\" \/>--><br \/>\nEl Grupo Irene, compuesto por Irene Industrial y Comercial S.A.; Cer\u00e1mica Ita Yvy S.A.y Irene Color S.A., juntas son los mayores fabricantes de cer\u00e1mica roja del pa\u00eds. Con una capacidad de producci\u00f3n instalada de m\u00e1s de diez mil toneladas mensual.<\/p>\n<p>Nos hemos desarrollado con tecnolog\u00eda de punta que proporciona una m\u00e1xima calidad a nuestros productos, el trabajo va siempre de la mano de la m\u00e1s completa innovaci\u00f3n, con perspectiva de futuro en una continua mejora de los productos y al servicio del cliente.<\/p>\n<p>Actualmente cubrimos todo el territorio Paraguayo por medio de nuestros distribuidores autorizados, adem\u00e1s de algunos pa\u00edses de Am\u00e9rica del Sur, ampliando progresivamente nuestras relaciones comerciales.<\/p>\n<p>En el Grupo Irene. siempre nos hemos marcado un irrenunciable compromiso de calidad en todos los aspectos. As\u00ed y de acuerdo con esa filosof\u00eda, realizamos estrictos controles internos de calidad, en cuanto a la selecci\u00f3n de materias primas, producci\u00f3n, expedici\u00f3n, comprobaciones &#8220;in situ&#8221; (sobre las condiciones de llegada de nuestros productos) y controles realizados por el Instituto Nacional de Tecnolog\u00eda Normalizaci\u00f3n y Metrolog\u00eda del Paraguay, los cuales son:<\/p>\n<ul>\n<li>Absorci\u00f3n de agua\u00a0 &#8211; Resistencia a la flexi\u00f3n<\/li>\n<li>Resistencia a la compresi\u00f3n &#8211; Resistencia al impacto<\/li>\n<li>Determinaci\u00f3n sales solubles<\/li>\n<\/ul>\n<p><!--El Grupo Irene obtuvo el Certificado de Gesti\u00f3n de Calidad basado en la Norma ISO 9001:2000.\u00a0 Luego de ser examinados por la empresa certificadora SGS Paraguay en el 2008\u00a0--> &nbsp;<br \/>Desde su fundaci\u00f3n en el a\u00f1o 86 hasta el d\u00eda de hoy el principal objetivo de Cer\u00e1mica Irene es ofrecer productos con un alto nivel de Calidad y la mejor combinaci\u00f3n de productos de calidad al mejor costo para los clientes.<br \/>\n&nbsp;<br \/>\nLa orientaci\u00f3n de la empresa hacia sus clientes y la plena satisfacci\u00f3n de sus necesidades, han logrado que nuestros productos gocen de un alto prestigio y reconocimiento entre nuestros clientes y el mercado de la cer\u00e1mica.<\/p>\n","protected":false},"excerpt":{"rendered":"<p>Un Compromiso con la Calidad El Grupo Irene, compuesto por [&hellip;]<\/p>\n","protected":false},"author":1,"featured_media":0,"parent":476,"menu_order":0,"comment_status":"closed","ping_status":"closed","template":"template-acerca.php","meta":{"footnotes":""},"class_list":["post-503","page","type-page","status-publish","hentry"],"_links":{"self":[{"href":"http:\/\/ceramicairene.com.py\/index.php?rest_route=\/wp\/v2\/pages\/503","targetHints":{"allow":["GET"]}}],"collection":[{"href":"http:\/\/ceramicairene.com.py\/index.php?rest_route=\/wp\/v2\/pages"}],"about":[{"href":"http:\/\/ceramicairene.com.py\/index.php?rest_route=\/wp\/v2\/types\/page"}],"author":[{"embeddable":true,"href":"http:\/\/ceramicairene.com.py\/index.php?rest_route=\/wp\/v2\/users\/1"}],"replies":[{"embeddable":true,"href":"http:\/\/ceramicairene.com.py\/index.php?rest_route=%2Fwp%2Fv2%2Fcomments&post=503"}],"version-history":[{"count":11,"href":"http:\/\/ceramicairene.com.py\/index.php?rest_route=\/wp\/v2\/pages\/503\/revisions"}],"predecessor-version":[{"id":2197,"href":"http:\/\/ceramicairene.com.py\/index.php?rest_route=\/wp\/v2\/pages\/503\/revisions\/2197"}],"up":[{"embeddable":true,"href":"http:\/\/ceramicairene.com.py\/index.php?rest_route=\/wp\/v2\/pages\/476"}],"wp:attachment":[{"href":"http:\/\/ceramicairene.com.py\/index.php?rest_route=%2Fwp%2Fv2%2Fmedia&parent=503"}],"curies":[{"name":"wp","href":"https:\/\/api.w.org\/{rel}","templated":true}]}}