{"id":486,"date":"2012-12-07T14:28:19","date_gmt":"2012-12-07T18:28:19","guid":{"rendered":"http:\/\/ceramicairene.com.py\/wp\/?page_id=486"},"modified":"2020-08-21T18:37:05","modified_gmt":"2020-08-21T22:37:05","slug":"historia","status":"publish","type":"page","link":"http:\/\/ceramicairene.com.py\/?page_id=486","title":{"rendered":"Historia"},"content":{"rendered":"<h1>Una Historia de Esfuerzo y Calidad<\/h1>\n<p>IRENE INDUSTRIAL Y COMERCIAL S.A. se constituy\u00f3 el 15 de Noviembre de 1976. Con un capital de\u00a0USD 5.000 el objeto de la firma en principio fue la explotaci\u00f3n de un taller de carpinter\u00eda\u00a0mec\u00e1nica.<\/p>\n<p>Con visi\u00f3n de futuro, en el a\u00f1o 1986, se construy\u00f3 la planta Industrial cuyo objeto fue la\u00a0fabricaci\u00f3n de cer\u00e1mica roja para la construcci\u00f3n, instalada en un sitio denominado<br \/>\nChaco\u00ed, a 20 Km. de la ciudad de Asunci\u00f3n.<\/p>\n<p>En 1.991 la industria realiz\u00f3 la instalaci\u00f3n del horno t\u00fanel de temperatura controlada con\u00a0pir\u00f3metros y la utilizaci\u00f3n de aserr\u00edn como combustible de hornos, fue la empresa pionera<br \/>\nen la instalaci\u00f3n de este tipo de horno en el pa\u00eds, contribuyendo de este modo con la\u00a0preservaci\u00f3n del medio ambiente.<\/p>\n<p>Atendiendo la funci\u00f3n comercial de la empresa y viendo la necesidad de llegar a los\u00a0clientes, en el a\u00f1o 1996, se procedi\u00f3 a la construcci\u00f3n de un local sobre la Avda. Mcal.\u00a0L\u00f3pez en la ciudad de Fernando de la Mora, destinado a la comercializaci\u00f3n de todo tipo\u00a0de productos para la construcci\u00f3n, lo que favoreci\u00f3 el incremento de las ventas y el\u00a0reconocimiento de la marca por parte de los profesionales de la construcci\u00f3n.<\/p>\n<p>En octubre de 1999, se inaugur\u00f3 otra nueva planta cuya denominaci\u00f3n es CERAMICA\u00a0ITA YVY SA, siendo la mas joven del grupo la misma posee una alta tecnolog\u00eda para la\u00a0exclusiva fabricaci\u00f3n de todo tipo de bloques cer\u00e1micos.<\/p>\n<p>En el a\u00f1o 2002 Irene I.C.S.A dio origen a una nueva f\u00e1brica, pero esta ser\u00eda solo de Tejas\u00a0Esmaltadas en colores, la misma fue denominada Irene Color S.A.<\/p>\n<p><!--En el A\u00f1o 2008 Cer\u00e1mica Irene S.A. obtiene la certificacion ISO 9000-2001--><\/p>\n<p>La \u00faltima gran inversi\u00f3n fue la ampliaci\u00f3n de Cer\u00e1mica Ita Yvy S.A. construyendo nuevos\u00a0hornos, que fueron destinados exclusivamente a la fabricaci\u00f3n de ladrillos prensados<br \/>\ncomunes.<\/p>\n<p>Actualmente, a m\u00e1s de 30 a\u00f1os de su constituci\u00f3n, IRENE ICSA dio lugar a nuevas\u00a0empresas citadas anteriormente, las mismas conforman HOY lo que denominamos EL<br \/>\nGRUPO IRENE.<\/p>\n<p>Juntas cuentan con un capital integrado de seis mil veces superior al inicial, m\u00e1s de 300\u00a0funcionarios, la m\u00e1s alta tecnolog\u00eda aplicada a la fabricaci\u00f3n de la amplia gama de productos, como ser Tejas Prensadas Espa\u00f1olas, Portuguesas, Romanas, Pisos tipo\u00a0Layota, Ladrillos vistos y huecos, Tejuelas y Tejuelones. <!--con gesti\u00f3n de Calidad para la certificaci\u00f3n de ISO 9001.--><\/p>\n<p>Hoy gracias al esfuerzo humano y a la tecnolog\u00eda aplicada podemos afirmar con orgullo\u00a0que somos la mayor proveedora de productos cer\u00e1micos del pa\u00eds.<\/p>\n","protected":false},"excerpt":{"rendered":"<p>Una Historia de Esfuerzo y Calidad IRENE INDUSTRIAL Y COMERCIAL [&hellip;]<\/p>\n","protected":false},"author":1,"featured_media":0,"parent":476,"menu_order":0,"comment_status":"closed","ping_status":"closed","template":"template-acerca.php","meta":{"footnotes":""},"class_list":["post-486","page","type-page","status-publish","hentry"],"_links":{"self":[{"href":"http:\/\/ceramicairene.com.py\/index.php?rest_route=\/wp\/v2\/pages\/486","targetHints":{"allow":["GET"]}}],"collection":[{"href":"http:\/\/ceramicairene.com.py\/index.php?rest_route=\/wp\/v2\/pages"}],"about":[{"href":"http:\/\/ceramicairene.com.py\/index.php?rest_route=\/wp\/v2\/types\/page"}],"author":[{"embeddable":true,"href":"http:\/\/ceramicairene.com.py\/index.php?rest_route=\/wp\/v2\/users\/1"}],"replies":[{"embeddable":true,"href":"http:\/\/ceramicairene.com.py\/index.php?rest_route=%2Fwp%2Fv2%2Fcomments&post=486"}],"version-history":[{"count":7,"href":"http:\/\/ceramicairene.com.py\/index.php?rest_route=\/wp\/v2\/pages\/486\/revisions"}],"predecessor-version":[{"id":2196,"href":"http:\/\/ceramicairene.com.py\/index.php?rest_route=\/wp\/v2\/pages\/486\/revisions\/2196"}],"up":[{"embeddable":true,"href":"http:\/\/ceramicairene.com.py\/index.php?rest_route=\/wp\/v2\/pages\/476"}],"wp:attachment":[{"href":"http:\/\/ceramicairene.com.py\/index.php?rest_route=%2Fwp%2Fv2%2Fmedia&parent=486"}],"curies":[{"name":"wp","href":"https:\/\/api.w.org\/{rel}","templated":true}]}}